{"id":1102,"date":"2024-06-18T11:59:25","date_gmt":"2024-06-18T09:59:25","guid":{"rendered":"https:\/\/hernanibhi.eus\/?page_id=1102"},"modified":"2024-06-19T18:03:48","modified_gmt":"2024-06-19T16:03:48","slug":"politica-de-privacidad","status":"publish","type":"page","link":"https:\/\/hernanibhi.eus\/es\/politica-de-privacidad\/","title":{"rendered":"Pol\u00edtica de privacidad"},"content":{"rendered":"<section>\n<div class=\"container\">\n<p>Hernani BHI Institutua garantiza el cumplimiento de la normativa vigente en materia de protecci\u00f3n de datos personales, reflejada en la Ley Org\u00e1nica 3\/2018, de 5 de diciembre, de Protecci\u00f3n de Datos Personales y de Garant\u00eda de Derechos Digitales (LOPD GDD). Cumple tambi\u00e9n con el Reglamento (UE) 2016\/679 del Parlamento Europeo y del Consejo de 27 de abril de 2016 relativo a la protecci\u00f3n de las personas f\u00edsicas (RGPD). El uso de sitio Web implica la aceptaci\u00f3n de esta Pol\u00edtica de Privacidad as\u00ed como las condiciones incluidas en el Aviso Legal.<\/p>\n<h2><strong>Datos del titular<\/strong><\/h2>\n<ul>\n<li><strong>Titular<\/strong>: Hernani BHI Institutua<\/li>\n<li><strong>CIF<\/strong>: S4833001C<\/li>\n<li><strong>Domicilio<\/strong>: Santa Barbara Kalea 27A \u00b7 20120 Hernani [Gipuzkoa]<\/li>\n<li><strong>Correo electr\u00f3nico<\/strong>: institutua@hernanibhi.eus<\/li>\n<li><strong>Sitio Web<\/strong>: www.hernanibhi.eus<\/li>\n<\/ul>\n<h2><strong>Bases aplicadas<\/strong><\/h2>\n<p>Seg\u00fan las exigencias del nuevo reglamento europeo de protecci\u00f3n de datos:<\/p>\n<ul>\n<li>Hernani BHI Institutua siempre requerir\u00e1 el consentimiento para el tratamiento de tus datos personales que puede ser para uno o varios fines espec\u00edficos sobre los que te informar\u00e1 previamente con absoluta transparencia.<\/li>\n<li>Hernani BHI Institutua te solicitar\u00e1 solo los datos estrictamente necesarios para el fin o los fines que los solicita.<\/li>\n<li>Los datos se mantendr\u00e1n durante el tiempo estrictamente necesario para el fin o los fines del tratamiento.<\/li>\n<li>Tus datos ser\u00e1n tratados de manera segura y confidencial garantizando su integridad.<\/li>\n<\/ul>\n<p>Al navegar por www.hernanibhi.eus los \u00fanicos puntos en los que te pedimos tus datos son:<\/p>\n<ul>\n<li>Al contactar a trav\u00e9s de los formularios de contacto o enviar un correo electr\u00f3nico.<\/li>\n<li>Al realizar una petici\u00f3n de descarga de cat\u00e1logos.<\/li>\n<\/ul>\n<h2><strong>Tus derechos<\/strong><\/h2>\n<p>Hernani BHI Institutua te informa que sobre tus datos personales tienes derecho a:<\/p>\n<ul>\n<li>Solicitar el acceso a los datos almacenados.<\/li>\n<li>Solicitar una rectificaci\u00f3n o la cancelaci\u00f3n.<\/li>\n<li>Solicitar la limitaci\u00f3n de su tratamiento.<\/li>\n<li>Oponerte al tratamiento.<\/li>\n<li>Solicitar la portabilidad de tus datos.<\/li>\n<\/ul>\n<p>El ejercicio de estos derechos es personal y por tanto debe ser ejercido directamente por el interesado, solicit\u00e1ndolo directamente a Hernani BHI Institutua enviando un correo electr\u00f3nico a institutua@hernanibhi.eus.<\/p>\n<h2><strong>Finalidad del tratamiento de datos personales<\/strong><\/h2>\n<p>Hernani BHI Institutua solicita datos personales entre los que pueden estar: Nombre y apellidos, direcci\u00f3n de correo electr\u00f3nico y n\u00famero de tel\u00e9fono con la finalidad de responder a tus consultas. Hernani BHI Institutua utiliza esos datos para dar respuesta a tus mensajes, dudas, quejas, comentarios o inquietudes que puedas tener relativas a la informaci\u00f3n incluida en el sitio Web, los servicios que se prestan a trav\u00e9s del sitio Web, el tratamiento de tus datos personales, cuestiones referentes a los textos legales incluidos en el sitio Web, as\u00ed como cualquier otra consulta que puedas tener y que no est\u00e9 sujeta a las condiciones del sitio Web o de la contrataci\u00f3n.<\/p>\n<h2><strong>Pol\u00edtica de Cookies<\/strong><\/h2>\n<p>Para que este sitio Web funcione correctamente necesita utilizar cookies, que es una informaci\u00f3n que se almacena en tu navegador web. En la p\u00e1gina Pol\u00edtica de Cookies puedes consultar toda la informaci\u00f3n relativa a la pol\u00edtica de recogida, la finalidad y el tratamiento de las cookies.<\/p>\n<h2><strong>Navegaci\u00f3n web<\/strong><\/h2>\n<p>Al navegar por el sitio Web se pueden recoger datos no identificativos, que pueden incluir, la direcci\u00f3n IP, geolocalizaci\u00f3n, un registro de c\u00f3mo se utilizan los servicios y sitios, h\u00e1bitos de navegaci\u00f3n y otros datos que no pueden ser utilizados para identificarte. El sitio Web utiliza los siguientes servicios de an\u00e1lisis de terceros: Google Analytics: es un servicio de anal\u00edtica web prestado por Google, Inc., una compa\u00f1\u00eda de Delaware cuya oficina principal est\u00e1 en 1600 Amphitheatre Parkway, Mountain View (California), CA 94043, Estados Unidos (\u201cGoogle\u201d). Encontrar\u00e1s m\u00e1s informaci\u00f3n en: https:\/\/analytics.google.com Google Analytics utiliza \u201ccookies\u201d, que son archivos de texto ubicados en tu ordenador, para ayudar a Hernani BHI Institutua a analizar el uso que hacen los usuarios del sitio Web. La informaci\u00f3n que genera la cookie acerca del uso del sitio Web (incluyendo tu direcci\u00f3n IP) ser\u00e1 directamente transmitida y archivada por Google en los servidores de Estados Unidos. Hernani BHI Institutua utiliza la informaci\u00f3n obtenida para obtener datos estad\u00edsticos, analizar tendencias, administrar el sitio, estudiar patrones de navegaci\u00f3n y para recopilar informaci\u00f3n demogr\u00e1fica.<\/p>\n<h2><strong>Exactitud y veracidad de los datos<\/strong><\/h2>\n<p>Te comprometes a que los datos facilitados a Hernani BHI Institutua sean correctos, completos, exactos y vigentes, as\u00ed como a mantenerlos debidamente actualizados. Como Usuario del sitio Web eres el \u00fanico responsable de la veracidad y correcci\u00f3n de los datos que remitas al sitio exonerando a Hernani BHI Institutua de cualquier responsabilidad al respecto.<\/p>\n<h2><strong>Aceptaci\u00f3n y consentimiento<\/strong><\/h2>\n<p>Como Usuario del sitio Web declaras haber sido informado de las condiciones sobre protecci\u00f3n de datos de car\u00e1cter personal, aceptas y consientes el tratamiento de los mismos por parte de Hernani BHI Institutua en la forma y para las finalidades indicadas en esta Pol\u00edtica de Privacidad.<\/p>\n<h2><strong>Revocabilidad<\/strong><\/h2>\n<p>Para ejercitar tus derechos de acceso, rectificaci\u00f3n, cancelaci\u00f3n, portabilidad y oposici\u00f3n tienes que enviar un correo electr\u00f3nico a institutua@hernanibhi.eus junto con la prueba v\u00e1lida en derecho como una fotocopia del D.N.I. o equivalente. El ejercicio de tus derechos no incluye ning\u00fan dato que Hernani BHI Institutua est\u00e9 obligado a conservar con fines administrativos, legales o de seguridad.<\/p>\n<h2><strong>Cambios en la Pol\u00edtica de Privacidad<\/strong><\/h2>\n<p>Hernani BHI Institutua se reserva el derecho a modificar la presente Pol\u00edtica de Privacidad para adaptarla a novedades legislativas o jurisprudenciales, as\u00ed como a pr\u00e1cticas de la industria. Estas pol\u00edticas estar\u00e1n vigentes hasta que sean modificadas por otras debidamente publicadas.<\/p>\n<\/div>\n<\/section>\n","protected":false},"excerpt":{"rendered":"<p>Hernani BHI Institutua garantiza el cumplimiento de la normativa vigente en materia de protecci\u00f3n de datos personales, reflejada en la Ley Org\u00e1nica 3\/2018, de 5 de diciembre, de Protecci\u00f3n de Datos Personales y de Garant\u00eda de Derechos Digitales (LOPD GDD). Cumple tambi\u00e9n con el Reglamento (UE) 2016\/679 del Parlamento Europeo y del Consejo de 27 [&hellip;]<\/p>\n","protected":false},"author":2,"featured_media":0,"parent":0,"menu_order":0,"comment_status":"closed","ping_status":"closed","template":"template-legala.php","meta":{"_acf_changed":false,"footnotes":""},"class_list":["post-1102","page","type-page","status-publish","hentry"],"acf":[],"yoast_head":"<!-- This site is optimized with the Yoast SEO plugin v25.3.1 - https:\/\/yoast.com\/wordpress\/plugins\/seo\/ -->\n<title>Pol\u00edtica de privacidad | Hernani BHI Institutu publikoa<\/title>\n<meta name=\"robots\" content=\"index, follow, max-snippet:-1, max-image-preview:large, max-video-preview:-1\" \/>\n<link rel=\"canonical\" href=\"https:\/\/hernanibhi.eus\/es\/politica-de-privacidad\/\" \/>\n<meta property=\"og:locale\" content=\"es_ES\" \/>\n<meta property=\"og:type\" content=\"article\" \/>\n<meta property=\"og:title\" content=\"Pol\u00edtica de privacidad | Hernani BHI Institutu publikoa\" \/>\n<meta property=\"og:description\" content=\"Hernani BHI Institutua garantiza el cumplimiento de la normativa vigente en materia de protecci\u00f3n de datos personales, reflejada en la Ley Org\u00e1nica 3\/2018, de 5 de diciembre, de Protecci\u00f3n de Datos Personales y de Garant\u00eda de Derechos Digitales (LOPD GDD). Cumple tambi\u00e9n con el Reglamento (UE) 2016\/679 del Parlamento Europeo y del Consejo de 27 [&hellip;]\" \/>\n<meta property=\"og:url\" content=\"https:\/\/hernanibhi.eus\/es\/politica-de-privacidad\/\" \/>\n<meta property=\"og:site_name\" content=\"Hernani BHI Institutu publikoa\" \/>\n<meta property=\"article:modified_time\" content=\"2024-06-19T16:03:48+00:00\" \/>\n<meta property=\"og:image\" content=\"https:\/\/hernanibhi.eus\/wp-content\/uploads\/2024\/05\/hernaniBHI_logoa-2.png\" \/>\n\t<meta property=\"og:image:width\" content=\"201\" \/>\n\t<meta property=\"og:image:height\" content=\"94\" \/>\n\t<meta property=\"og:image:type\" content=\"image\/png\" \/>\n<meta name=\"twitter:card\" content=\"summary_large_image\" \/>\n<meta name=\"twitter:label1\" content=\"Tiempo de lectura\" \/>\n\t<meta name=\"twitter:data1\" content=\"5 minutos\" \/>\n<script type=\"application\/ld+json\" class=\"yoast-schema-graph\">{\"@context\":\"https:\/\/schema.org\",\"@graph\":[{\"@type\":\"WebPage\",\"@id\":\"https:\/\/hernanibhi.eus\/es\/politica-de-privacidad\/\",\"url\":\"https:\/\/hernanibhi.eus\/es\/politica-de-privacidad\/\",\"name\":\"Pol\u00edtica de privacidad | Hernani BHI Institutu publikoa\",\"isPartOf\":{\"@id\":\"https:\/\/hernanibhi.eus\/es\/#website\"},\"datePublished\":\"2024-06-18T09:59:25+00:00\",\"dateModified\":\"2024-06-19T16:03:48+00:00\",\"breadcrumb\":{\"@id\":\"https:\/\/hernanibhi.eus\/es\/politica-de-privacidad\/#breadcrumb\"},\"inLanguage\":\"es\",\"potentialAction\":[{\"@type\":\"ReadAction\",\"target\":[\"https:\/\/hernanibhi.eus\/es\/politica-de-privacidad\/\"]}]},{\"@type\":\"BreadcrumbList\",\"@id\":\"https:\/\/hernanibhi.eus\/es\/politica-de-privacidad\/#breadcrumb\",\"itemListElement\":[{\"@type\":\"ListItem\",\"position\":1,\"name\":\"Home\",\"item\":\"https:\/\/hernanibhi.eus\/es\/\"},{\"@type\":\"ListItem\",\"position\":2,\"name\":\"Pol\u00edtica de privacidad\"}]},{\"@type\":\"WebSite\",\"@id\":\"https:\/\/hernanibhi.eus\/es\/#website\",\"url\":\"https:\/\/hernanibhi.eus\/es\/\",\"name\":\"Hernani BHI Institutu publikoa\",\"description\":\"\",\"publisher\":{\"@id\":\"https:\/\/hernanibhi.eus\/es\/#organization\"},\"potentialAction\":[{\"@type\":\"SearchAction\",\"target\":{\"@type\":\"EntryPoint\",\"urlTemplate\":\"https:\/\/hernanibhi.eus\/es\/?s={search_term_string}\"},\"query-input\":{\"@type\":\"PropertyValueSpecification\",\"valueRequired\":true,\"valueName\":\"search_term_string\"}}],\"inLanguage\":\"es\"},{\"@type\":\"Organization\",\"@id\":\"https:\/\/hernanibhi.eus\/es\/#organization\",\"name\":\"Hernani BHI Institutu publikoa\",\"url\":\"https:\/\/hernanibhi.eus\/es\/\",\"logo\":{\"@type\":\"ImageObject\",\"inLanguage\":\"es\",\"@id\":\"https:\/\/hernanibhi.eus\/es\/#\/schema\/logo\/image\/\",\"url\":\"https:\/\/hernanibhi.eus\/wp-content\/uploads\/2024\/05\/hernaniBHI_logoa_d-1.png\",\"contentUrl\":\"https:\/\/hernanibhi.eus\/wp-content\/uploads\/2024\/05\/hernaniBHI_logoa_d-1.png\",\"width\":200,\"height\":94,\"caption\":\"Hernani BHI Institutu publikoa\"},\"image\":{\"@id\":\"https:\/\/hernanibhi.eus\/es\/#\/schema\/logo\/image\/\"}}]}<\/script>\n<!-- \/ Yoast SEO plugin. -->","yoast_head_json":{"title":"Pol\u00edtica de privacidad | Hernani BHI Institutu publikoa","robots":{"index":"index","follow":"follow","max-snippet":"max-snippet:-1","max-image-preview":"max-image-preview:large","max-video-preview":"max-video-preview:-1"},"canonical":"https:\/\/hernanibhi.eus\/es\/politica-de-privacidad\/","og_locale":"es_ES","og_type":"article","og_title":"Pol\u00edtica de privacidad | Hernani BHI Institutu publikoa","og_description":"Hernani BHI Institutua garantiza el cumplimiento de la normativa vigente en materia de protecci\u00f3n de datos personales, reflejada en la Ley Org\u00e1nica 3\/2018, de 5 de diciembre, de Protecci\u00f3n de Datos Personales y de Garant\u00eda de Derechos Digitales (LOPD GDD). Cumple tambi\u00e9n con el Reglamento (UE) 2016\/679 del Parlamento Europeo y del Consejo de 27 [&hellip;]","og_url":"https:\/\/hernanibhi.eus\/es\/politica-de-privacidad\/","og_site_name":"Hernani BHI Institutu publikoa","article_modified_time":"2024-06-19T16:03:48+00:00","og_image":[{"width":201,"height":94,"url":"https:\/\/hernanibhi.eus\/wp-content\/uploads\/2024\/05\/hernaniBHI_logoa-2.png","type":"image\/png"}],"twitter_card":"summary_large_image","twitter_misc":{"Tiempo de lectura":"5 minutos"},"schema":{"@context":"https:\/\/schema.org","@graph":[{"@type":"WebPage","@id":"https:\/\/hernanibhi.eus\/es\/politica-de-privacidad\/","url":"https:\/\/hernanibhi.eus\/es\/politica-de-privacidad\/","name":"Pol\u00edtica de privacidad | Hernani BHI Institutu publikoa","isPartOf":{"@id":"https:\/\/hernanibhi.eus\/es\/#website"},"datePublished":"2024-06-18T09:59:25+00:00","dateModified":"2024-06-19T16:03:48+00:00","breadcrumb":{"@id":"https:\/\/hernanibhi.eus\/es\/politica-de-privacidad\/#breadcrumb"},"inLanguage":"es","potentialAction":[{"@type":"ReadAction","target":["https:\/\/hernanibhi.eus\/es\/politica-de-privacidad\/"]}]},{"@type":"BreadcrumbList","@id":"https:\/\/hernanibhi.eus\/es\/politica-de-privacidad\/#breadcrumb","itemListElement":[{"@type":"ListItem","position":1,"name":"Home","item":"https:\/\/hernanibhi.eus\/es\/"},{"@type":"ListItem","position":2,"name":"Pol\u00edtica de privacidad"}]},{"@type":"WebSite","@id":"https:\/\/hernanibhi.eus\/es\/#website","url":"https:\/\/hernanibhi.eus\/es\/","name":"Hernani BHI Institutu publikoa","description":"","publisher":{"@id":"https:\/\/hernanibhi.eus\/es\/#organization"},"potentialAction":[{"@type":"SearchAction","target":{"@type":"EntryPoint","urlTemplate":"https:\/\/hernanibhi.eus\/es\/?s={search_term_string}"},"query-input":{"@type":"PropertyValueSpecification","valueRequired":true,"valueName":"search_term_string"}}],"inLanguage":"es"},{"@type":"Organization","@id":"https:\/\/hernanibhi.eus\/es\/#organization","name":"Hernani BHI Institutu publikoa","url":"https:\/\/hernanibhi.eus\/es\/","logo":{"@type":"ImageObject","inLanguage":"es","@id":"https:\/\/hernanibhi.eus\/es\/#\/schema\/logo\/image\/","url":"https:\/\/hernanibhi.eus\/wp-content\/uploads\/2024\/05\/hernaniBHI_logoa_d-1.png","contentUrl":"https:\/\/hernanibhi.eus\/wp-content\/uploads\/2024\/05\/hernaniBHI_logoa_d-1.png","width":200,"height":94,"caption":"Hernani BHI Institutu publikoa"},"image":{"@id":"https:\/\/hernanibhi.eus\/es\/#\/schema\/logo\/image\/"}}]}},"_links":{"self":[{"href":"https:\/\/hernanibhi.eus\/es\/wp-json\/wp\/v2\/pages\/1102","targetHints":{"allow":["GET"]}}],"collection":[{"href":"https:\/\/hernanibhi.eus\/es\/wp-json\/wp\/v2\/pages"}],"about":[{"href":"https:\/\/hernanibhi.eus\/es\/wp-json\/wp\/v2\/types\/page"}],"author":[{"embeddable":true,"href":"https:\/\/hernanibhi.eus\/es\/wp-json\/wp\/v2\/users\/2"}],"replies":[{"embeddable":true,"href":"https:\/\/hernanibhi.eus\/es\/wp-json\/wp\/v2\/comments?post=1102"}],"version-history":[{"count":1,"href":"https:\/\/hernanibhi.eus\/es\/wp-json\/wp\/v2\/pages\/1102\/revisions"}],"predecessor-version":[{"id":1103,"href":"https:\/\/hernanibhi.eus\/es\/wp-json\/wp\/v2\/pages\/1102\/revisions\/1103"}],"wp:attachment":[{"href":"https:\/\/hernanibhi.eus\/es\/wp-json\/wp\/v2\/media?parent=1102"}],"curies":[{"name":"wp","href":"https:\/\/api.w.org\/{rel}","templated":true}]}}